{"id":1065,"date":"2021-09-03T13:45:17","date_gmt":"2021-09-03T16:45:17","guid":{"rendered":"https:\/\/motelzap.com.br\/site\/?page_id=1065"},"modified":"2021-09-03T14:05:58","modified_gmt":"2021-09-03T17:05:58","slug":"tour-virtual","status":"publish","type":"page","link":"https:\/\/motelzap.com.br\/site\/tour-virtual\/","title":{"rendered":"Tour Virtual"},"content":{"rendered":"<p>[vc_section][vc_row css=&#8221;.vc_custom_1630688659022{padding-right: 50px !important;padding-left: 50px !important;}&#8221;][vc_column][vc_column_text]<\/p>\n<h2 style=\"text-align: center;\">Quer ver todos os detalhes?<\/h2>\n<p style=\"text-align: center;\">Conecte-se virtualmente com os ambientes das su\u00edtes do Zap Motel, clique no quarto desejado. Uma nova janela se abrir\u00e1 possibilitando visualizar e navegar pelo ambiente tendo uma vis\u00e3o ampla e \u00f3tima no\u00e7\u00e3o da decora\u00e7\u00e3o e detalhes de cada uma. Escolha a vontade!<\/p>\n<p>[\/vc_column_text][\/vc_column][\/vc_row][vc_row][vc_column width=&#8221;1\/3&#8243;][vc_single_image image=&#8221;953&#8243; img_size=&#8221;medium&#8221; alignment=&#8221;center&#8221; onclick=&#8221;custom_link&#8221; img_link_target=&#8221;_blank&#8221; title=&#8221;Su\u00edte 01&#8243; link=&#8221;\/site\/360\/zap-01\/&#8221;][vc_btn title=&#8221;Ver su\u00edte em 360&#8243; align=&#8221;center&#8221; link=&#8221;url:%2Fsite%2F360%2Fzap-01%2F|target:_blank&#8221;][\/vc_column][vc_column width=&#8221;1\/3&#8243;][vc_single_image image=&#8221;983&#8243; img_size=&#8221;medium&#8221; alignment=&#8221;center&#8221; onclick=&#8221;custom_link&#8221; img_link_target=&#8221;_blank&#8221; title=&#8221;Su\u00edte 02&#8243; link=&#8221;\/site\/360\/zap-02\/&#8221;][vc_btn title=&#8221;Ver su\u00edte em 360&#8243; align=&#8221;center&#8221; link=&#8221;url:%2Fsite%2F360%2Fzap-02%2F|target:_blank&#8221;][\/vc_column][vc_column width=&#8221;1\/3&#8243;][vc_single_image image=&#8221;1011&#8243; img_size=&#8221;medium&#8221; alignment=&#8221;center&#8221; onclick=&#8221;custom_link&#8221; img_link_target=&#8221;_blank&#8221; title=&#8221;Su\u00edte 03&#8243; link=&#8221;\/site\/360\/zap-03\/&#8221;][vc_btn title=&#8221;Ver su\u00edte em 360&#8243; align=&#8221;center&#8221; link=&#8221;url:%2Fsite%2F360%2Fzap-03%2F|target:_blank&#8221;][\/vc_column][\/vc_row][vc_row][vc_column width=&#8221;1\/3&#8243;][vc_single_image image=&#8221;1012&#8243; img_size=&#8221;medium&#8221; alignment=&#8221;center&#8221; onclick=&#8221;custom_link&#8221; img_link_target=&#8221;_blank&#8221; title=&#8221;Su\u00edte 04&#8243; link=&#8221;\/site\/360\/zap-04\/&#8221;][vc_btn title=&#8221;Ver su\u00edte em 360&#8243; align=&#8221;center&#8221; link=&#8221;url:%2Fsite%2F360%2Fzap-04%2F|target:_blank&#8221;][\/vc_column][vc_column width=&#8221;1\/3&#8243;][vc_single_image image=&#8221;1013&#8243; img_size=&#8221;medium&#8221; alignment=&#8221;center&#8221; onclick=&#8221;custom_link&#8221; img_link_target=&#8221;_blank&#8221; title=&#8221;Su\u00edte 05&#8243; link=&#8221;\/site\/360\/zap-05\/&#8221;][vc_btn title=&#8221;Ver su\u00edte em 360&#8243; align=&#8221;center&#8221; link=&#8221;url:%2Fsite%2F360%2Fzap-05%2F|target:_blank&#8221;][\/vc_column][vc_column width=&#8221;1\/3&#8243;][vc_single_image image=&#8221;1036&#8243; img_size=&#8221;medium&#8221; alignment=&#8221;center&#8221; onclick=&#8221;custom_link&#8221; img_link_target=&#8221;_blank&#8221; title=&#8221;Su\u00edte 06(Gran Luxo)&#8221; link=&#8221;\/site\/360\/zap-06\/&#8221;][vc_btn title=&#8221;Ver su\u00edte em 360&#8243; align=&#8221;center&#8221; link=&#8221;url:%2Fsite%2F360%2Fzap-06%2F|target:_blank&#8221;][\/vc_column][\/vc_row][vc_row][vc_column width=&#8221;1\/3&#8243;][vc_single_image image=&#8221;1031&#8243; img_size=&#8221;medium&#8221; alignment=&#8221;center&#8221; onclick=&#8221;custom_link&#8221; img_link_target=&#8221;_blank&#8221; title=&#8221;Su\u00edte 07 (Gran Luxo)&#8221; link=&#8221;\/site\/360\/zap-07\/&#8221;][vc_btn title=&#8221;Ver su\u00edte em 360&#8243; align=&#8221;center&#8221; link=&#8221;url:%2Fsite%2F360%2Fzap-07%2F|target:_blank&#8221;][\/vc_column][vc_column width=&#8221;1\/3&#8243;][vc_single_image image=&#8221;1050&#8243; img_size=&#8221;medium&#8221; alignment=&#8221;center&#8221; onclick=&#8221;custom_link&#8221; img_link_target=&#8221;_blank&#8221; title=&#8221;Su\u00edte 08&#8243; link=&#8221;\/site\/360\/zap-08\/&#8221;][vc_btn title=&#8221;Ver su\u00edte em 360&#8243; align=&#8221;center&#8221; link=&#8221;url:%2Fsite%2F360%2Fzap-08%2F|target:_blank&#8221;][\/vc_column][vc_column width=&#8221;1\/3&#8243;][\/vc_column][\/vc_row][\/vc_section]<\/p>\n","protected":false},"excerpt":{"rendered":"<p>[vc_section][vc_row css=&#8221;.vc_custom_1630688659022{padding-right: 50px !important;padding-left: 50px !important;}&#8221;][vc_column][vc_column_text]<br \/>\nQuer ver todos os detalhes?<br \/>\nConecte-se virtualmente com os ambientes das su\u00edtes do Zap Motel, clique no quarto desejado. Uma nova janela se abrir\u00e1 <\/p>\n","protected":false},"author":1,"featured_media":0,"parent":0,"menu_order":0,"comment_status":"closed","ping_status":"closed","template":"","meta":{"footnotes":""},"class_list":["post-1065","page","type-page","status-publish","hentry"],"_links":{"self":[{"href":"https:\/\/motelzap.com.br\/site\/wp-json\/wp\/v2\/pages\/1065","targetHints":{"allow":["GET"]}}],"collection":[{"href":"https:\/\/motelzap.com.br\/site\/wp-json\/wp\/v2\/pages"}],"about":[{"href":"https:\/\/motelzap.com.br\/site\/wp-json\/wp\/v2\/types\/page"}],"author":[{"embeddable":true,"href":"https:\/\/motelzap.com.br\/site\/wp-json\/wp\/v2\/users\/1"}],"replies":[{"embeddable":true,"href":"https:\/\/motelzap.com.br\/site\/wp-json\/wp\/v2\/comments?post=1065"}],"version-history":[{"count":16,"href":"https:\/\/motelzap.com.br\/site\/wp-json\/wp\/v2\/pages\/1065\/revisions"}],"predecessor-version":[{"id":1075,"href":"https:\/\/motelzap.com.br\/site\/wp-json\/wp\/v2\/pages\/1065\/revisions\/1075"}],"wp:attachment":[{"href":"https:\/\/motelzap.com.br\/site\/wp-json\/wp\/v2\/media?parent=1065"}],"curies":[{"name":"wp","href":"https:\/\/api.w.org\/{rel}","templated":true}]}}