{"id":94,"date":"2016-09-09T08:54:35","date_gmt":"2016-09-09T08:54:35","guid":{"rendered":"http:\/\/travelwp.physcode.com\/?page_id=94"},"modified":"2022-01-04T17:43:22","modified_gmt":"2022-01-04T20:43:22","slug":"home-page-2","status":"publish","type":"page","link":"https:\/\/motelzap.com.br\/site\/","title":{"rendered":"Zap Motel &#8211; Rio Verde"},"content":{"rendered":"<p>[vc_row full_width=&#8221;stretch_row&#8221; full_height=&#8221;yes&#8221; parallax=&#8221;content-moving&#8221; parallax_image=&#8221;897&#8243;][vc_column]<div class=\"banner-typed\"><h2 class=\"phys-typingEffect\" style=\"color:#ffffff\">\n\t\t\t\t\t <span class=\"phys-typingTextEffect\"  data-strings0 = \"Bem-vindo ao Zap Motel.\" data-strings1 = \"O lugar ideal, para a hora certa!\" data-type-speed=\"100\"><\/span>\n \t\t\t\t<\/h2><p class=\"desc\" style=\"color:#ffffff\">Su\u00edtes sob medida para o amor<\/p><\/div>[\/vc_column][\/vc_row][vc_row disable_element=&#8221;yes&#8221; css=&#8221;.vc_custom_1628214278392{background-color: #ffffff !important;}&#8221; el_class=&#8221;banner-hotel-booking&#8221;][vc_column]<div class=\"hotel-booking-search \"><form id=\"form-hotel-search-room\" action=\"https:\/\/motelzap.com.br\/site\" method=\"get\"><ul class=\"hb-form-table\"><li class=\"wrapper-check-in-out\">\n\t\t\t\t\t\t\t<label>When<\/label>\n\t\t\t\t\t\t\t<div class=\"form-group\">\n\t\t\t\t\t\t\t\t<div class=\"room_date_check_in width60\"><input type=\"text\" name=\"search_room_date_check_in\" placeholder=\"Check in\"><\/div>\n\t\t\t\t\t\t\t\t<span class=\"horizontal-grip\"><\/span>\n\t\t\t\t\t\t\t\t<div class=\"room_date_check_out width40\"><input type=\"text\" name=\"search_room_date_check_out\" placeholder=\"Check out\"><\/div>\n\t\t\t\t\t\t\t<\/div>\n\t\t\t\t\t\t<\/li><li class=\"wrapper_adults_children\">\n\t\t\t\t\t\t\t<label>Guests<\/label>\n\t\t\t\t\t\t\t<div class=\"form-group\">\n\t\t\t\t\t\t\t\t<div class=\"room_number_adults width60\"><input type=\"number\" name=\"room_number_adults\" placeholder=\"Adults\" min=\"0\" max=\"100\"><\/div>\n\t\t\t\t\t\t\t\t<span class=\"horizontal-grip\"><\/span>\n\t\t\t\t\t\t\t\t<div class=\"room_number_children width40\"><input type=\"number\" name=\"room_number_children\" placeholder=\"Children\" min=\"0\"  max=\"100\"><\/div>\n\t\t\t\t\t\t\t<\/div>\n\t\t\t\t\t\t<\/li><li class=\"hb-submit\"><input type=\"hidden\" name=\"hotel_search\" value=\"1\"><button type=\"submit\">Check Availability<\/button><\/li><\/ul><\/form><\/div>[\/vc_column][\/vc_row][vc_row full_width=&#8221;stretch_row&#8221; disable_element=&#8221;yes&#8221; css=&#8221;.vc_custom_1628214302435{padding-top: 30px !important;background-color: #f2f2f2 !important;}&#8221;][vc_column][vc_column_text]<\/p>\n<h2 style=\"text-align: center;\">Let&#8217;s start width some benefits\u00a0<strong>Hotel<\/strong><\/h2>\n<p>[\/vc_column_text][vc_row_inner][vc_column_inner width=&#8221;1\/4&#8243;]<div class=\"widget-icon-box widget-icon-box-base iconbox-center\"><div class=\"box-icon icon-image circle\" style=\"width:160px\"><img decoding=\"async\" src=\"https:\/\/motelzap.com.br\/site\/wp-content\/uploads\/2016\/09\/icon-1-1.png\" alt=\"\"><\/div><div class=\"content-inner\" ><div class=\"sc-heading article_heading\"><h4 style=\"color:#000000\" class=\"heading__primary\">Passionate Room<\/h4><\/div><div class=\"desc-icon-box\" ><div>Lorem ipsum dolor sit amet, consectetur adipisicing elit, sed do eiusmod.<\/div><\/div><\/div><\/div>[\/vc_column_inner][vc_column_inner width=&#8221;1\/4&#8243;]<div class=\"widget-icon-box widget-icon-box-base iconbox-center\"><div class=\"box-icon icon-image \"><img decoding=\"async\" src=\"https:\/\/motelzap.com.br\/site\/wp-content\/uploads\/2016\/09\/icon-2-1.png\" alt=\"\"><\/div><div class=\"content-inner\" ><div class=\"sc-heading article_heading\"><h4 style=\"color:#000000\" class=\"heading__primary\">Diverse Destinations<\/h4><\/div><div class=\"desc-icon-box\" ><div>Lorem ipsum dolor sit amet, consectetur adipisicing elit, sed do eiusmod.<\/div><\/div><\/div><\/div>[\/vc_column_inner][vc_column_inner width=&#8221;1\/4&#8243;]<div class=\"widget-icon-box widget-icon-box-base iconbox-center\"><div class=\"box-icon icon-image \"><img decoding=\"async\" src=\"https:\/\/motelzap.com.br\/site\/wp-content\/uploads\/2016\/09\/icon-3-1.png\" alt=\"\"><\/div><div class=\"content-inner\" ><div class=\"sc-heading article_heading\"><h4 style=\"color:#000000\" class=\"heading__primary\">Value for Money<\/h4><\/div><div class=\"desc-icon-box\" ><div>Lorem ipsum dolor sit amet, consectetur adipisicing elit, sed do eiusmod.<\/div><\/div><\/div><\/div>[\/vc_column_inner][vc_column_inner width=&#8221;1\/4&#8243;]<div class=\"widget-icon-box widget-icon-box-base iconbox-center\"><div class=\"box-icon icon-image \"><img decoding=\"async\" src=\"https:\/\/motelzap.com.br\/site\/wp-content\/uploads\/2016\/09\/icon-4-1.png\" alt=\"\"><\/div><div class=\"content-inner\" ><div class=\"sc-heading article_heading\"><h4 style=\"color:#000000\" class=\"heading__primary\">Beautiful Places<\/h4><\/div><div class=\"desc-icon-box\" ><div>Lorem ipsum dolor sit amet, consectetur adipisicing elit, sed do eiusmod.<\/div><\/div><\/div><\/div>[\/vc_column_inner][\/vc_row_inner][vc_empty_space height=&#8221;80px&#8221;][\/vc_column][\/vc_row][vc_row][vc_column][vc_empty_space height=&#8221;40px&#8221;]<div class=\"shortcode_title shortcode-title-style_2\"><h2 class=\"title_primary\">Ambientes Exclusivos<\/h2><div class=\"title_subtitle\"><a href=\"\/site\/suites\/\">Conhe\u00e7a Nossas Su\u00edtes<\/a><\/div><\/div><div class=\"row wrapper-hotel-slider arrow-black\"><div class=\"wrapper-hotels list_content content_hotel_style_2 hotels-type-slider\" data-dots=\"true\" data-nav=\"false\" data-responsive='{\"0\":{\"items\":1}, \"480\":{\"items\":2}, \"768\":{\"items\":2}, \"992\":{\"items\":3}, \"1200\":{\"items\":2}}'><div class=\"item-hotel\"><div class=\"item_border\">\n\t<div class=\"item_content\">\n\t\t<div class=\"post_images\">\n\t\t\t<a href=\"https:\/\/motelzap.com.br\/site\/suites\/gran-luxo\/\" class=\"Hotel-Loop-link\"><\/a><div class=\"group-icon\"><\/div>\n<div class=\"item_rating\"><div class=\"star-rating\" role=\"img\" aria-label=\"Rated 5.00 out of 5\"><span style=\"width:100%\">Rated <strong class=\"rating\">5.00<\/strong> out of 5<\/span><\/div><\/div>\t\t<\/div>\n\t\t<div class=\"wrapper_content\">\n\t\t\t<div class=\"post_title\"><h5><a href=\"https:\/\/motelzap.com.br\/site\/suites\/gran-luxo\/\" rel=\"bookmark\">Su\u00edtes Gran Luxo<\/a><\/h5>\t\t\t\t\t<span class=\"price\">\n\t\t\t\t<span class=\"text\">A partir<\/span><span class=\"woocommerce-Price-amount amount\"><bdi><span class=\"woocommerce-Price-currencySymbol\">&#82;&#36;<\/span>175,00<\/bdi><\/span>\t\t\t<\/span>\n\t\t<\/div><p>[vc_row][vc_column][vc_column_text]Al\u00e9m de contar com uma decora\u00e7\u00e3o impec\u00e1vel, as deslumbrantes su\u00edtes Gran Luxo do Zap Motel possuem banheiras de hidromassagem para voc\u00ea relaxar. Estrutura elegante que agu\u00e7a os seus sentidos mais <\/p>\n\t\t<\/div>\n\t<\/div>\n\t<div class=\"read_more\">\n\t\t<div class=\"wrapper-adults-children\"><span class=\"adults\">2 Adults<\/span><\/div>\t<\/div>\n<\/div><\/div><div class=\"item-hotel\"><div class=\"item_border\">\n\t<div class=\"item_content\">\n\t\t<div class=\"post_images\">\n\t\t\t<a href=\"https:\/\/motelzap.com.br\/site\/suites\/luxo\/\" class=\"Hotel-Loop-link\"><\/a><div class=\"group-icon\"><\/div>\n<div class=\"item_rating\"><div class=\"star-rating\" role=\"img\" aria-label=\"Rated 5.00 out of 5\"><span style=\"width:100%\">Rated <strong class=\"rating\">5.00<\/strong> out of 5<\/span><\/div><\/div>\t\t<\/div>\n\t\t<div class=\"wrapper_content\">\n\t\t\t<div class=\"post_title\"><h5><a href=\"https:\/\/motelzap.com.br\/site\/suites\/luxo\/\" rel=\"bookmark\">Su\u00edtes Luxo<\/a><\/h5>\t\t\t\t\t<span class=\"price\">\n\t\t\t\t<span class=\"text\">A partir<\/span><span class=\"woocommerce-Price-amount amount\"><bdi><span class=\"woocommerce-Price-currencySymbol\">&#82;&#36;<\/span>115,00<\/bdi><\/span>\t\t\t<\/span>\n\t\t<\/div><p>[vc_row][vc_column][vc_column_text]As Su\u00edtes Luxo possuem um design sofisticado com o intuito de tornar a sua estadia mais do que agrad\u00e1vel e garantir uma experi\u00eancia \u00fanica com melhor custo benef\u00edcio e muito <\/p>\n\t\t<\/div>\n\t<\/div>\n\t<div class=\"read_more\">\n\t\t<div class=\"wrapper-adults-children\"><span class=\"adults\">2 Adults<\/span><\/div>\t<\/div>\n<\/div><\/div><\/div><\/div>[vc_empty_space height=&#8221;80px&#8221;][\/vc_column][\/vc_row][vc_row full_width=&#8221;stretch_row_content_no_spaces&#8221; disable_element=&#8221;yes&#8221;][vc_column css=&#8221;.vc_custom_1502091399261{padding-top: 0px !important;}&#8221;]<div class=\"wrapper-hotel-slider \"><div class=\"hotels-type-slider sc-testimonials\" data-responsive='{\"0\":{\"items\":1}, \"480\":{\"items\":1}, \"768\":{\"items\":1}, \"992\":{\"items\":1}, \"1200\":{\"items\":1}}' data-dots=\"true\" data-nav=\"false\"><div class=\"item-testimonial\" style=\"background-image:url(https:\/\/motelzap.com.br\/site\/wp-content\/uploads\/2017\/08\/person-woman-hotel-laptop-1.jpg)\">\t\t\t<div class=\"container\">\n\t\t\t\t<div class=\"content-inner\">\n\t\t\t\t\t<div class=\"desc\">\n\t\t\t\t\t\t<p>Seded ut perspiciatis unde omnis iste natus error sit voluptatem accusantium doloremque laudantium, totam rem aperiam. Etiam eget mi enim, non ultricies nisi voluptatem, illo inventore veritatis.<\/p>\n\t\t\t\t\t<\/div>\n\t\t\t\t\t<h4>\n\t\t\t\t\t\t<a href=\"#\">Jane Doe Junior<\/a>\t\t\t\t\t<\/h4>\n\t\t\t\t\t<div class=\"regency\">The Boss<\/div>\t\t\t\t<\/div>\n\t\t\t<\/div>\n\t\t\t<\/div><div class=\"item-testimonial\" style=\"background-image:url(https:\/\/motelzap.com.br\/site\/wp-content\/uploads\/2017\/08\/person-testimonial-1-1.jpeg)\">\t\t\t<div class=\"container\">\n\t\t\t\t<div class=\"content-inner\">\n\t\t\t\t\t<div class=\"desc\">\n\t\t\t\t\t\t<p>Seded ut perspiciatis unde omnis iste natus error sit voluptatem accusantium doloremque laudantium, totam rem aperiam. Etiam eget mi enim, non ultricies nisi voluptatem, illo inventore veritatis.<\/p>\n\t\t\t\t\t<\/div>\n\t\t\t\t\t<h4>\n\t\t\t\t\t\t<a href=\"#\">Jane McDoe<\/a>\t\t\t\t\t<\/h4>\n\t\t\t\t\t<div class=\"regency\">Yet another one<\/div>\t\t\t\t<\/div>\n\t\t\t<\/div>\n\t\t\t<\/div><div class=\"item-testimonial\" style=\"background-image:url(https:\/\/motelzap.com.br\/site\/wp-content\/uploads\/2017\/08\/person-testimonial-2-1.jpg)\">\t\t\t<div class=\"container\">\n\t\t\t\t<div class=\"content-inner\">\n\t\t\t\t\t<div class=\"desc\">\n\t\t\t\t\t\t<p>Seded ut perspiciatis unde omnis iste natus error sit voluptatem accusantium doloremque laudantium, totam rem aperiam. Etiam eget mi enim, non ultricies nisi voluptatem, illo inventore veritatis.<\/p>\n\t\t\t\t\t<\/div>\n\t\t\t\t\t<h4>\n\t\t\t\t\t\t<a href=\"#\">John Doe<\/a>\t\t\t\t\t<\/h4>\n\t\t\t\t\t<div class=\"regency\">developer company<\/div>\t\t\t\t<\/div>\n\t\t\t<\/div>\n\t\t\t<\/div><\/div><\/div>[\/vc_column][\/vc_row][vc_row full_width=&#8221;stretch_row&#8221; disable_element=&#8221;yes&#8221;][vc_column][vc_empty_space height=&#8221;70px&#8221;]<div class=\"shortcode_title shortcode-title-style_3\"><h2 class=\"title_primary\">Most popular rooms<\/h2><div class=\"title_subtitle\"><a href=\"http:\/\/hotelqueen.physcode.com\/hotels\/\">View All Rooms<\/a><\/div><\/div>[vc_empty_space height=&#8221;15px&#8221;]<div class=\"row wrapper-hotel-slider\"><div class=\"wrapper-hotels list_content content_hotel_style_2 hotels-type-pain\"><div class=\"item-hotel col-sm-4\"><div class=\"item_border\">\n\t<div class=\"item_content\">\n\t\t<div class=\"post_images\">\n\t\t\t<a href=\"https:\/\/motelzap.com.br\/site\/suites\/gran-luxo\/\" class=\"Hotel-Loop-link\"><\/a><div class=\"group-icon\"><\/div>\n<div class=\"item_rating\"><div class=\"star-rating\" role=\"img\" aria-label=\"Rated 5.00 out of 5\"><span style=\"width:100%\">Rated <strong class=\"rating\">5.00<\/strong> out of 5<\/span><\/div><\/div>\t\t<\/div>\n\t\t<div class=\"wrapper_content\">\n\t\t\t<div class=\"post_title\"><h5><a href=\"https:\/\/motelzap.com.br\/site\/suites\/gran-luxo\/\" rel=\"bookmark\">Su\u00edtes Gran Luxo<\/a><\/h5>\t\t\t\t\t<span class=\"price\">\n\t\t\t\t<span class=\"text\">A partir<\/span><span class=\"woocommerce-Price-amount amount\"><bdi><span class=\"woocommerce-Price-currencySymbol\">&#82;&#36;<\/span>175,00<\/bdi><\/span>\t\t\t<\/span>\n\t\t<\/div><p>[vc_row][vc_column][vc_column_text]Al\u00e9m de contar com uma decora\u00e7\u00e3o impec\u00e1vel, as deslumbrantes su\u00edtes Gran Luxo do Zap Motel possuem banheiras de hidromassagem para voc\u00ea relaxar. Estrutura elegante que agu\u00e7a os seus sentidos mais <\/p>\n\t\t<\/div>\n\t<\/div>\n\t<div class=\"read_more\">\n\t\t<div class=\"wrapper-adults-children\"><span class=\"adults\">2 Adults<\/span><\/div>\t<\/div>\n<\/div><\/div><div class=\"item-hotel col-sm-4\"><div class=\"item_border\">\n\t<div class=\"item_content\">\n\t\t<div class=\"post_images\">\n\t\t\t<a href=\"https:\/\/motelzap.com.br\/site\/suites\/luxo\/\" class=\"Hotel-Loop-link\"><\/a><div class=\"group-icon\"><\/div>\n<div class=\"item_rating\"><div class=\"star-rating\" role=\"img\" aria-label=\"Rated 5.00 out of 5\"><span style=\"width:100%\">Rated <strong class=\"rating\">5.00<\/strong> out of 5<\/span><\/div><\/div>\t\t<\/div>\n\t\t<div class=\"wrapper_content\">\n\t\t\t<div class=\"post_title\"><h5><a href=\"https:\/\/motelzap.com.br\/site\/suites\/luxo\/\" rel=\"bookmark\">Su\u00edtes Luxo<\/a><\/h5>\t\t\t\t\t<span class=\"price\">\n\t\t\t\t<span class=\"text\">A partir<\/span><span class=\"woocommerce-Price-amount amount\"><bdi><span class=\"woocommerce-Price-currencySymbol\">&#82;&#36;<\/span>115,00<\/bdi><\/span>\t\t\t<\/span>\n\t\t<\/div><p>[vc_row][vc_column][vc_column_text]As Su\u00edtes Luxo possuem um design sofisticado com o intuito de tornar a sua estadia mais do que agrad\u00e1vel e garantir uma experi\u00eancia \u00fanica com melhor custo benef\u00edcio e muito <\/p>\n\t\t<\/div>\n\t<\/div>\n\t<div class=\"read_more\">\n\t\t<div class=\"wrapper-adults-children\"><span class=\"adults\">2 Adults<\/span><\/div>\t<\/div>\n<\/div><\/div><\/div><\/div>[vc_empty_space height=&#8221;50px&#8221;][\/vc_column][\/vc_row][vc_row full_width=&#8221;stretch_row&#8221; parallax=&#8221;content-moving&#8221; parallax_image=&#8221;987&#8243; disable_element=&#8221;yes&#8221; css=&#8221;.vc_custom_1629030048331{padding-top: 30px !important;padding-bottom: 50px !important;}&#8221; el_class=&#8221;fix-ipad-deals-discounts&#8221;][vc_column width=&#8221;1\/6&#8243;][\/vc_column][vc_column width=&#8221;2\/3&#8243;] <div class=\"discounts-hotel\"><h3 style=\"color:#ffffff\" class=\"discounts-title\"> Promo\u00e7\u00e3o Rapidinha Zap Motel! Venha Conhecer. <span> Apenas R$ 50,00\/1hr<\/span><\/h3><span class=\"line\" style=\"color:#ffffff\"><\/span><p  style=\"color:#ffffff\">Traz seu amor pra c\u00e1 \ud83d\ude09<\/p><div class=\"row centered text-center deals-discounts\"  data-year=\"2021\" data-month=\"08\" data-date=\"30\" data-hour=\"0\" data-min=\"00\" data-sec=\"00\" data-gmt=\"-3\" data-text=\"days,hours,minutes,seconds\"><\/div><div class=\"col-sm-12 text-center padding-top-2x\">\n\t\t\t\t<a href=\"\/site\/suites\/\" class=\"icon-btn\">\n\t\t\t\t\t<i class=\"flaticon-037-door-hanger\"><\/i> Ver Quartos\n\t\t\t\t<\/a>\n\t\t\t<\/div><\/div> [\/vc_column][vc_column width=&#8221;1\/6&#8243;][\/vc_column][\/vc_row][vc_row full_width=&#8221;stretch_row&#8221; css=&#8221;.vc_custom_1491277748222{padding-top: 30px !important;padding-bottom: 30px !important;background-color: #f2f2f2 !important;}&#8221;][vc_column][\/vc_column][\/vc_row]<\/p>\n","protected":false},"excerpt":{"rendered":"<p>Lorem ipsum dolor sit amet, consectetur adipiscing elit. Nam efficitur egestas risus. Sed eros augue, tempor et faucibus eu, cursus ac lacus. Ut sodales semper ante, at malesuada neque vestibulum vitae. Pellentesque luctus ipsum sit amet ligula facilisis rutrum. Nulla facilisi. Morbi rutrum nisi elementum urna faucibus, et porta elit lobortis. Donec imperdiet tristique tellus, ut consectetur ipsum tempus vitae<\/p>\n","protected":false},"author":1,"featured_media":0,"parent":0,"menu_order":0,"comment_status":"closed","ping_status":"closed","template":"page-templates\/homepage.php","meta":{"footnotes":""},"class_list":["post-94","page","type-page","status-publish","hentry"],"_links":{"self":[{"href":"https:\/\/motelzap.com.br\/site\/wp-json\/wp\/v2\/pages\/94","targetHints":{"allow":["GET"]}}],"collection":[{"href":"https:\/\/motelzap.com.br\/site\/wp-json\/wp\/v2\/pages"}],"about":[{"href":"https:\/\/motelzap.com.br\/site\/wp-json\/wp\/v2\/types\/page"}],"author":[{"embeddable":true,"href":"https:\/\/motelzap.com.br\/site\/wp-json\/wp\/v2\/users\/1"}],"replies":[{"embeddable":true,"href":"https:\/\/motelzap.com.br\/site\/wp-json\/wp\/v2\/comments?post=94"}],"version-history":[{"count":18,"href":"https:\/\/motelzap.com.br\/site\/wp-json\/wp\/v2\/pages\/94\/revisions"}],"predecessor-version":[{"id":1102,"href":"https:\/\/motelzap.com.br\/site\/wp-json\/wp\/v2\/pages\/94\/revisions\/1102"}],"wp:attachment":[{"href":"https:\/\/motelzap.com.br\/site\/wp-json\/wp\/v2\/media?parent=94"}],"curies":[{"name":"wp","href":"https:\/\/api.w.org\/{rel}","templated":true}]}}