{"id":1021,"date":"2021-08-15T11:36:52","date_gmt":"2021-08-15T14:36:52","guid":{"rendered":"http:\/\/motelzap.com.br\/site\/?post_type=product&#038;p=1021"},"modified":"2025-12-04T07:35:59","modified_gmt":"2025-12-04T10:35:59","slug":"gran-luxo","status":"publish","type":"product","link":"https:\/\/motelzap.com.br\/site\/suites\/gran-luxo\/","title":{"rendered":"Su\u00edtes Gran Luxo"},"content":{"rendered":"<p>[vc_row][vc_column][vc_column_text]<span style=\"font-weight: 400;\">Al\u00e9m de contar com uma decora\u00e7\u00e3o impec\u00e1vel, as deslumbrantes su\u00edtes Gran Luxo do Zap Motel possuem banheiras de hidromassagem para voc\u00ea relaxar. Estrutura elegante que agu\u00e7a os seus sentidos mais \u00edntimos e com toda a discri\u00e7\u00e3o que voc\u00ea procura.<\/span>[\/vc_column_text][vc_separator]<div class=\"hotel_info\"><div class=\"column col-sm-3\"><strong>O Quarto<\/strong><\/div><div class=\"col-sm-9\"><div class=\"inner-content-right\"><div class=\"column\">Banheiros: <b>1<\/b><br \/>\nTipo de cama: <b>King, quadrada<\/b><br \/>\nCamas: <b>1<\/b><br \/>\n<\/div><div class=\"column\">Check In: <b>Qualquer hora<\/b><br \/>\nTipo de Quarto: <b>Su\u00edte <\/b><br \/>\nBanheira de hidromassagem: <strong>Sim<\/strong><\/div><\/div><\/div><\/div><div class=\"hotel_info\"><div class=\"column col-sm-3\"><strong>Pre\u00e7os<\/strong><\/div><div class=\"col-sm-9\"><div class=\"inner-content-right\"><div class=\"column\">2 horas: <b>R$ 175,00 <\/b><br \/>\n4 horas: <b>R$ 260,00 <\/b><br \/>\n<\/div><div class=\"column\">Pernoite(sexta , s\u00e1bado e v\u00e9spera de feriado a partir das 00:00): <b>R$ 360,00 <\/b><br \/>\nPernoite(domingo a quinta a partir das 19:00):<b> R$ 260,00<\/b><\/div><\/div><\/div><\/div><div class=\"hotel_info\"><div class=\"column col-sm-3\"><strong>Facilidades<\/strong><\/div><div class=\"col-sm-9\"><div class=\"inner-content-right\"><div class=\"column\">Wifi : <b>Gr\u00e1tis<\/b><br \/>\nSecador de Cabelos : <b>Sim<\/b><br \/>\nAr condicionado : <b>Sim<\/b><\/div><div class=\"column\">Garagem : <b>Para 1 carro<\/b><br \/>\nTelevisor : <b>Sim, com canais er\u00f3ticos <\/b><br \/>\nSom Ambiente : <b> Sim <\/b><\/div><\/div><\/div><\/div>[\/vc_column][\/vc_row]<\/p>\n","protected":false},"excerpt":{"rendered":"<p>[vc_row][vc_column][vc_column_text]Al\u00e9m de contar com uma decora\u00e7\u00e3o impec\u00e1vel, as deslumbrantes su\u00edtes Gran Luxo do Zap Motel possuem banheiras de hidromassagem para voc\u00ea relaxar. Estrutura elegante que agu\u00e7a os seus sentidos mais <\/p>\n","protected":false},"featured_media":1031,"comment_status":"open","ping_status":"closed","template":"","meta":[],"product_cat":[15],"product_tag":[],"class_list":["post-1021","product","type-product","status-publish","has-post-thumbnail","hentry","product_cat-sem-categoria","hotel-taxonomy-gran-luxo"],"_links":{"self":[{"href":"https:\/\/motelzap.com.br\/site\/wp-json\/wp\/v2\/product\/1021","targetHints":{"allow":["GET"]}}],"collection":[{"href":"https:\/\/motelzap.com.br\/site\/wp-json\/wp\/v2\/product"}],"about":[{"href":"https:\/\/motelzap.com.br\/site\/wp-json\/wp\/v2\/types\/product"}],"replies":[{"embeddable":true,"href":"https:\/\/motelzap.com.br\/site\/wp-json\/wp\/v2\/comments?post=1021"}],"wp:featuredmedia":[{"embeddable":true,"href":"https:\/\/motelzap.com.br\/site\/wp-json\/wp\/v2\/media\/1031"}],"wp:attachment":[{"href":"https:\/\/motelzap.com.br\/site\/wp-json\/wp\/v2\/media?parent=1021"}],"wp:term":[{"taxonomy":"product_cat","embeddable":true,"href":"https:\/\/motelzap.com.br\/site\/wp-json\/wp\/v2\/product_cat?post=1021"},{"taxonomy":"product_tag","embeddable":true,"href":"https:\/\/motelzap.com.br\/site\/wp-json\/wp\/v2\/product_tag?post=1021"}],"curies":[{"name":"wp","href":"https:\/\/api.w.org\/{rel}","templated":true}]}}